{"id":738,"date":"2021-01-17T11:16:12","date_gmt":"2021-01-17T10:16:12","guid":{"rendered":"https:\/\/dex.uni-ak.ac.at\/?page_id=738"},"modified":"2024-12-03T15:28:15","modified_gmt":"2024-12-03T14:28:15","slug":"kontakt","status":"publish","type":"page","link":"https:\/\/dex.uni-ak.ac.at\/?page_id=738","title":{"rendered":"KONTAKT"},"content":{"rendered":"\n<pre class=\"wp-block-preformatted\"><a href=\"https:\/\/www.dieangewandte.at\/institute\/kunstwissenschaften_kunstpaedagogik_und_kunstvermittlung\/design_architektur_und_environment_fuer_kunstpaedagogik\" target=\"_blank\" rel=\"noreferrer noopener\"><strong>ABTEILUNG<\/strong> <strong>dae<\/strong><\/a><br> Design, Architektur und Environment f\u00fcr Kunstp\u00e4dagog<br> Christoph KALTENBRUNNER<br> Univ.-Prof. Mag.art BSc<br><br><a href=\"https:\/\/www.dieangewandte.at\/institute\/kunstwissenschaften_kunstpaedagogik_und_kunstvermittlung\/textil_-_freie_angewandte_und_experimentelle_gestaltung\" target=\"_blank\" rel=\"noreferrer noopener\"><strong>ABTEILUNG<\/strong> <strong>tex<\/strong><\/a><br> Textil - Freie, angewandte und experimentelle k\u00fcnstlerische Gestaltung <br> Ebba FRANS\u00c9N WALDH\u00d6R<br> Univ.-Prof. Dipl.-Des.<br><br><strong>SEKRETARIAT<br><\/strong> Doris M\u00dcLLNER<br> Universit\u00e4t f\u00fcr angewandte Kunst Wien <br> 1030 Wien <br> Vordere Zollamtsstrasse 7<br> 2OG|RNr.231 <br> <a href=\"mailto:dex@uni-ak.ac.at\" target=\"_blank\" rel=\"noreferrer noopener\">dex@uni-ak.ac.at<\/a><br> <a href=\"tel: +431711332737\">+43 (0)1 71133 2737 <\/a><br> erreichbar DI MI DO <br> jeweils 08:00-14:00<\/pre>\n\n\n\n<p><\/p>\n","protected":false},"excerpt":{"rendered":"<p>ABTEILUNG dae Design, Architektur und Environment f\u00fcr Kunstp\u00e4dagog Christoph KALTENBRUNNER Univ.-Prof. Mag.art BScABTEILUNG tex Textil &#8211; Freie, angewandte und experimentelle k\u00fcnstlerische Gestaltung Ebba FRANS\u00c9N WALDH\u00d6R Univ.-Prof. Dipl.-Des.SEKRETARIAT Doris M\u00dcLLNER Universit\u00e4t f\u00fcr angewandte Kunst Wien 1030 Wien Vordere Zollamtsstrasse 7 2OG|RNr.231 dex@uni-ak.ac.at +43 (0)1 71133 2737 erreichbar DI MI DO jeweils 08:00-14:00<\/p>\n","protected":false},"author":4,"featured_media":0,"parent":0,"menu_order":0,"comment_status":"closed","ping_status":"closed","template":"","meta":{"footnotes":""},"class_list":["post-738","page","type-page","status-publish","hentry"],"_links":{"self":[{"href":"https:\/\/dex.uni-ak.ac.at\/index.php?rest_route=\/wp\/v2\/pages\/738","targetHints":{"allow":["GET"]}}],"collection":[{"href":"https:\/\/dex.uni-ak.ac.at\/index.php?rest_route=\/wp\/v2\/pages"}],"about":[{"href":"https:\/\/dex.uni-ak.ac.at\/index.php?rest_route=\/wp\/v2\/types\/page"}],"author":[{"embeddable":true,"href":"https:\/\/dex.uni-ak.ac.at\/index.php?rest_route=\/wp\/v2\/users\/4"}],"replies":[{"embeddable":true,"href":"https:\/\/dex.uni-ak.ac.at\/index.php?rest_route=%2Fwp%2Fv2%2Fcomments&post=738"}],"version-history":[{"count":10,"href":"https:\/\/dex.uni-ak.ac.at\/index.php?rest_route=\/wp\/v2\/pages\/738\/revisions"}],"predecessor-version":[{"id":2762,"href":"https:\/\/dex.uni-ak.ac.at\/index.php?rest_route=\/wp\/v2\/pages\/738\/revisions\/2762"}],"wp:attachment":[{"href":"https:\/\/dex.uni-ak.ac.at\/index.php?rest_route=%2Fwp%2Fv2%2Fmedia&parent=738"}],"curies":[{"name":"wp","href":"https:\/\/api.w.org\/{rel}","templated":true}]}}