{"id":665,"date":"2021-01-10T12:42:23","date_gmt":"2021-01-10T11:42:23","guid":{"rendered":"https:\/\/dex.uni-ak.ac.at\/?page_id=665"},"modified":"2026-03-19T13:10:51","modified_gmt":"2026-03-19T12:10:51","slug":"lehrende","status":"publish","type":"page","link":"https:\/\/dex.uni-ak.ac.at\/?page_id=665","title":{"rendered":"Lehrende | Studienassistenz"},"content":{"rendered":"\n<pre class=\"wp-block-preformatted\"><strong>AKTIVE LEHRENDE<\/strong> Studienrichtung dae|dex|tex<br> <a href=\"https:\/\/www.dieangewandte.at\/jart\/prj3\/angewandte-2016\/main.jart?rel=de&amp;reserve-mode=active&amp;content-id=1458930944469&amp;Pe-Id=4669\" target=\"_blank\" rel=\"noreferrer noopener\">ALTMANN Karin<\/a> Sen.Lect. Mag.art. Dr.phil.<br> <a href=\"https:\/\/www.dieangewandte.at\/jart\/prj3\/angewandte-2016\/main.jart?rel=de&amp;reserve-mode=active&amp;content-id=1458930944469&amp;Pe-Id=3531\" target=\"_blank\" rel=\"noreferrer noopener\">AUERSPERG Manora<\/a> Sen.Lect. Mag.art.<br> <a href=\"https:\/\/www.dieangewandte.at\/jart\/prj3\/angewandte-2016\/main.jart?rel=de&amp;reserve-mode=active&amp;content-id=1458930944469&amp;Pe-Id=4403\" target=\"_blank\" rel=\"noreferrer noopener\">CALL Adelheid<\/a> Univ.-Lekt. Mag.art.<br> <a href=\"https:\/\/www.dieangewandte.at\/jart\/prj3\/angewandte-2016\/main.jart?rel=de&amp;reserve-mode=active&amp;content-id=1458930944469&amp;Pe-Id=5143\" target=\"_blank\" rel=\"noreferrer noopener\">DEMUS Ruben<\/a> Univ.-Lekt. Mag.art.<br> <a href=\"https:\/\/www.dieangewandte.at\/jart\/prj3\/angewandte-2016\/main.jart?rel=de&amp;reserve-mode=active&amp;content-id=1458930944469&amp;Pe-Id=9155\" target=\"_blank\" rel=\"noreferrer noopener\">EDELMANN Ralph<\/a> MMag. MFA<br> <a href=\"https:\/\/www.dieangewandte.at\/jart\/prj3\/angewandte-2016\/main.jart?rel=de&amp;reserve-mode=active&amp;content-id=1458930944469&amp;Pe-Id=9173\" target=\"_blank\" rel=\"noreferrer noopener\">FRANS\u00c9N WALDH\u00d6R Ebba<\/a> Univ.-Prof. Dipl.-Des.<br> <a href=\"https:\/\/www.dieangewandte.at\/jart\/prj3\/angewandte-2016\/main.jart?rel=de&amp;reserve-mode=active&amp;content-id=1458930944469&amp;Pe-Id=2760\" target=\"_blank\" rel=\"noreferrer noopener\">G\u00d6TZ Alice<\/a> Univ.-Lekt. Mag. art.<br> <a href=\"https:\/\/www.dieangewandte.at\/jart\/prj3\/angewandte-2016\/main.jart?rel=de&amp;reserve-mode=active&amp;content-id=1458930944469&amp;Pe-Id=3536\" target=\"_blank\" rel=\"noreferrer noopener\">GRAF Barbara<\/a> Sen.Lect. Mag. art.<br> <a href=\"https:\/\/www.dieangewandte.at\/jart\/prj3\/angewandte-2016\/main.jart?rel=de&amp;reserve-mode=active&amp;content-id=1458930944469&amp;Pe-Id=6406\" target=\"_blank\" rel=\"noreferrer noopener\">HASENH\u00dcTL Gert<\/a> Univ.-Lekt. Mag. Dr.<br> <a href=\"https:\/\/www.dieangewandte.at\/jart\/prj3\/angewandte-2016\/main.jart?rel=de&amp;reserve-mode=active&amp;content-id=1458930944469&amp;Pe-Id=9153\" target=\"_blank\" rel=\"noreferrer noopener\">IRSA Irmtraud<\/a> Mag.<br> <a href=\"https:\/\/www.dieangewandte.at\/jart\/prj3\/angewandte-2016\/main.jart?rel=de&amp;reserve-mode=active&amp;content-id=1458930944469&amp;Pe-Id=6639\" target=\"_blank\" rel=\"noreferrer noopener\">KALTENBRUNNER Christoph<\/a> Univ.-Prof. Mag.art. BSc.<br> <a href=\"https:\/\/www.dieangewandte.at\/jart\/prj3\/angewandte-2016\/main.jart?rel=de&amp;reserve-mode=active&amp;content-id=1458930944469&amp;Pe-Id=5224\" target=\"_blank\" rel=\"noreferrer noopener\">KLEIN Paul-Reza<\/a> Univ.-Lekt. Mag.art.<br> <a href=\"https:\/\/www.dieangewandte.at\/jart\/prj3\/angewandte-2016\/main.jart?rel=de&amp;reserve-mode=active&amp;content-id=1458930944469&amp;Pe-Id=3527\" target=\"_blank\" rel=\"noreferrer noopener\">K\u00dcHN Ulrich<\/a> Sen.Lect. MMag.<br> <a href=\"https:\/\/www.dieangewandte.at\/jart\/prj3\/angewandte-2016\/main.jart?rel=de&amp;reserve-mode=active&amp;content-id=1458930944469&amp;Pe-Id=7553\" target=\"_blank\" rel=\"noreferrer noopener\">LAVEN Rolf<\/a> HS-Prof. (PH Wien) MMag.art. Dr.phil.<br> <a href=\"https:\/\/www.dieangewandte.at\/jart\/prj3\/angewandte-2016\/main.jart?rel=de&amp;reserve-mode=active&amp;content-id=1458930944469&amp;Pe-Id=6792\" target=\"_blank\" rel=\"noreferrer noopener\">LUNZER Walter<\/a> Univ.-Lekt. Mag.art<br> <a href=\"https:\/\/www.dieangewandte.at\/jart\/prj3\/angewandte-2016\/main.jart?rel=de&amp;reserve-mode=active&amp;content-id=1458930944469&amp;Pe-Id=2630\" target=\"_blank\" rel=\"noreferrer noopener\">MARTINEK Michaela<\/a> AProf. Mag.art.<br> <a href=\"https:\/\/www.dieangewandte.at\/jart\/prj3\/angewandte-2016\/main.jart?rel=de&amp;reserve-mode=active&amp;content-id=1458930944469&amp;Pe-Id=3760\" target=\"_blank\" rel=\"noreferrer noopener\">MAURER Arno<\/a> Univ.-Lekt. (PH Wien) Mag.art.<br> <a href=\"https:\/\/www.dieangewandte.at\/jart\/prj3\/angewandte-2016\/main.jart?rel=de&amp;reserve-mode=active&amp;content-id=1458930944469&amp;Pe-Id=3061\" target=\"_blank\" rel=\"noreferrer noopener\">NEUBER Ute<\/a> Univ.-Lekt.<br> <a href=\"https:\/\/www.dieangewandte.at\/jart\/prj3\/angewandte-2016\/main.jart?rel=de&amp;reserve-mode=active&amp;content-id=1458930944469&amp;Pe-Id=6542\" target=\"_blank\" rel=\"noreferrer noopener\">REINSBERG Philipp<\/a> Univ.-Lekt. | wiss. Mitarb. Mag.arch.<br> <a href=\"https:\/\/www.dieangewandte.at\/jart\/prj3\/angewandte-2016\/main.jart?rel=de&amp;reserve-mode=active&amp;content-id=1458930944469&amp;Pe-Id=3004\" target=\"_blank\" rel=\"noreferrer noopener\">SCHEID Jakob<\/a> Sen.Lect. Mag.art.<br> <a href=\"https:\/\/www.dieangewandte.at\/jart\/prj3\/angewandte-2016\/main.jart?reserve-mode=active&amp;content-id=1458930944469&amp;Pe-Id=7575&amp;rel=de\" target=\"_blank\" rel=\"noreferrer noopener\">STERN Julia<\/a> Univ.-Ass. BA<br> <a href=\"https:\/\/www.dieangewandte.at\/jart\/prj3\/angewandte-2016\/main.jart?reserve-mode=active&amp;content-id=1458930944469&amp;Pe-Id=4510&amp;rel=de\" target=\"_blank\" rel=\"noreferrer noopener\">STURMLECHNER<\/a><a href=\"https:\/\/www.dieangewandte.at\/jart\/prj3\/angewandte-2016\/main.jart?reserve-mode=active&amp;content-id=1458930944469&amp;Pe-Id=4510&amp;rel=de\"> Georg<\/a> Univ.-Lekt. Mag.art.<br> <a href=\"https:\/\/www.dieangewandte.at\/jart\/prj3\/angewandte-2016\/main.jart?rel=de&amp;reserve-mode=active&amp;content-id=1458930944469&amp;Pe-Id=4480\" target=\"_blank\" rel=\"noreferrer noopener\">WANDL Manuel<\/a> Sen.Lect. Mag.art<br> <a href=\"https:\/\/www.dieangewandte.at\/jart\/prj3\/angewandte-2016\/main.jart?rel=de&amp;reserve-mode=active&amp;content-id=1458930944469&amp;Pe-Id=5685\" target=\"_blank\" rel=\"noreferrer noopener\">WURZENBERGER Elisabeth<\/a> Univ.Lekt. Mag.art.<br> <a href=\"https:\/\/www.dieangewandte.at\/jart\/prj3\/angewandte-2016\/main.jart?rel=de&amp;reserve-mode=active&amp;content-id=1458930944469&amp;Pe-Id=8998\" target=\"_blank\" rel=\"noreferrer noopener\">ZACH Heidelinde<\/a> M.Ed<br> <a href=\"https:\/\/www.dieangewandte.at\/jart\/prj3\/angewandte-2016\/main.jart?rel=de&amp;reserve-mode=active&amp;content-id=1458930944469&amp;Pe-Id=5798\" target=\"_blank\" rel=\"noreferrer noopener\">ZIMMERMANN Robert<\/a> Univ.-Lekt. Mag.art.<br><br><br><strong><mark style=\"background-color:rgba(0, 0, 0, 0)\" class=\"has-inline-color has-medium-pink-color\">STUDIENASSISTENT:INNEN 2025_W<\/mark><\/strong><br><mark style=\"background-color:rgba(0, 0, 0, 0)\" class=\"has-inline-color has-bright-blue-color\"><strong>DEX<\/strong> <strong>TUTOR*IN<\/strong><\/mark><br><strong>LASERCUTTER<\/strong><br> Florian Gutmann<br>  <br><strong>WERK_LABOR<\/strong><br> Max Kriebaum<br>  max.kriebaum@uni-ak.ac.at<br> Yola Fahdt<br>  yola.fahdt@uni-ak.ac.at<br><strong>ALLGEMEIN<\/strong><br> Nina Wandruszka<br>  textil.tutor@uni-ak.ac.at<br> Sophie Klawunde<br>  sophie.klawunde@uni.ak.ac.at<br><strong>STUDIO HOLZ<\/strong><br> Luis Prath<br>  luis.prath@uni-ak.ac.at<br><strong>SCHNEIDEREI<\/strong> <br> Erika Farina | erika.farina@uni.ak.ac.at<br><br><mark style=\"background-color:rgba(0, 0, 0, 0)\" class=\"has-inline-color has-bright-blue-color\"><strong>KPP<\/strong> <strong>TUTOR*IN<\/strong><\/mark><br><strong>ALLGEMEIN<\/strong><br> Valentina Santner<br>  kkp.tutor@uni-ak.ac.at oder <br> Conni Feitsinger<br>  kkp.tutor@uni-ak.ac.at<br><strong>FOTOSTUDIO<\/strong><br> Waltraud Brauner<br>  fotografie-kkp@uni-ak.ac.at<br> Lea Sonderegger<br>  fotografie-kkp@uni-ak.ac.at<br><br><strong><mark style=\"background-color:rgba(0, 0, 0, 0)\" class=\"has-inline-color has-bright-blue-color\"><strong>FD<\/strong> <strong>TUTOR*IN<\/strong><\/mark><\/strong><br> Paula Peters<br>  zentrum.tutor@uni-ak.ac.at<br> Paula Klein<br>  zentraum.tutor@uni-ak.ac.at  <br><br><strong>STUDIENVERTRETUNGEN LEHRAMT<\/strong><br> Antolina Konrad (BA)<br>  stv.lehramt@hufak.net<br> Hannah H\u00f6ll (BA)<br>  stv.lehramt@hufak.net<br> Regina Karoutcherou (MA)<br>  stv.lehramt@hufak.net<br>\t\t\t\t\t<br><strong>HUFAK     <\/strong>                  \t\t<br> office@hufak.net<br><br><strong>EHEMALIGE LEHRENDE\u00a0(dae)<\/strong><br> <strong><a href=\"https:\/\/www.dieangewandte.at\/jart\/prj3\/angewandte-2016\/main.jart?rel=de&amp;reserve-mode=active&amp;content-id=1458930944469&amp;Pe-Id=3388\" target=\"_blank\" rel=\"noreferrer noopener\">DAGDELEN Canan<\/a> Sen.Lect. MMag.art.<\/strong> <br> <a href=\"https:\/\/www.dieangewandte.at\/jart\/prj3\/angewandte-2016\/main.jart?rel=de&amp;reserve-mode=active&amp;content-id=1458930944469&amp;Pe-Id=7555\" target=\"_blank\" rel=\"noreferrer noopener\">GMEINER Christian<\/a> MMag.<br> <a href=\"https:\/\/www.dieangewandte.at\/jart\/prj3\/angewandte-2016\/main.jart?rel=de&amp;reserve-mode=active&amp;content-id=1458930944469&amp;Pe-Id=7433\" target=\"_blank\" rel=\"noreferrer noopener\">HAIGNER David<\/a> Univ.-Lekt. Dipl.-Ing.<br> KALSPERGER Peter Dipl.-Ing. (FH)<br> KOBER Katrin Mag.art.<br> DELESKE Susanne Mag.art.<br> RAGLAND Johnny BA, MSc<br> REITER HEINISCH Wilbirg<br> TAMUSSINO Christoph Mag.art.<br><\/pre>\n\n\n\n<p><\/p>\n","protected":false},"excerpt":{"rendered":"<p>AKTIVE LEHRENDE Studienrichtung dae|dex|tex ALTMANN Karin Sen.Lect. Mag.art. Dr.phil. AUERSPERG Manora Sen.Lect. Mag.art. CALL Adelheid Univ.-Lekt. Mag.art. DEMUS Ruben Univ.-Lekt. Mag.art. EDELMANN Ralph MMag. MFA FRANS\u00c9N WALDH\u00d6R Ebba Univ.-Prof. Dipl.-Des. G\u00d6TZ Alice Univ.-Lekt. Mag. art. GRAF Barbara Sen.Lect. Mag. art. HASENH\u00dcTL Gert Univ.-Lekt. Mag. Dr. IRSA Irmtraud Mag. KALTENBRUNNER Christoph Univ.-Prof. Mag.art. BSc. KLEIN Paul-Reza &hellip; <a href=\"https:\/\/dex.uni-ak.ac.at\/?page_id=665\" class=\"more-link\">Continue reading <span class=\"screen-reader-text\">Lehrende | Studienassistenz<\/span><\/a><\/p>\n","protected":false},"author":4,"featured_media":0,"parent":0,"menu_order":0,"comment_status":"closed","ping_status":"closed","template":"","meta":{"footnotes":""},"class_list":["post-665","page","type-page","status-publish","hentry"],"_links":{"self":[{"href":"https:\/\/dex.uni-ak.ac.at\/index.php?rest_route=\/wp\/v2\/pages\/665","targetHints":{"allow":["GET"]}}],"collection":[{"href":"https:\/\/dex.uni-ak.ac.at\/index.php?rest_route=\/wp\/v2\/pages"}],"about":[{"href":"https:\/\/dex.uni-ak.ac.at\/index.php?rest_route=\/wp\/v2\/types\/page"}],"author":[{"embeddable":true,"href":"https:\/\/dex.uni-ak.ac.at\/index.php?rest_route=\/wp\/v2\/users\/4"}],"replies":[{"embeddable":true,"href":"https:\/\/dex.uni-ak.ac.at\/index.php?rest_route=%2Fwp%2Fv2%2Fcomments&post=665"}],"version-history":[{"count":42,"href":"https:\/\/dex.uni-ak.ac.at\/index.php?rest_route=\/wp\/v2\/pages\/665\/revisions"}],"predecessor-version":[{"id":3033,"href":"https:\/\/dex.uni-ak.ac.at\/index.php?rest_route=\/wp\/v2\/pages\/665\/revisions\/3033"}],"wp:attachment":[{"href":"https:\/\/dex.uni-ak.ac.at\/index.php?rest_route=%2Fwp%2Fv2%2Fmedia&parent=665"}],"curies":[{"name":"wp","href":"https:\/\/api.w.org\/{rel}","templated":true}]}}