{"id":656,"date":"2021-01-10T12:32:37","date_gmt":"2021-01-10T11:32:37","guid":{"rendered":"https:\/\/dex.uni-ak.ac.at\/?page_id=656"},"modified":"2024-12-03T15:42:51","modified_gmt":"2024-12-03T14:42:51","slug":"impressum","status":"publish","type":"page","link":"https:\/\/dex.uni-ak.ac.at\/?page_id=656","title":{"rendered":"Impressum"},"content":{"rendered":"\n<h1 class=\"wp-block-heading\">Impressum<\/h1>\n\n\n\n<pre class=\"wp-block-preformatted\"><strong><mark style=\"background-color:rgba(0, 0, 0, 0)\" class=\"has-inline-color has-medium-pink-color\">IMPRESSUM<\/mark><\/strong><br>Universit\u00e4t f\u00fcr angewandte Kunst Wien<br><strong>Institut f\u00fcr Kunst- und Kulturwissenschaften \u2013 Kunstp\u00e4dagogik<\/strong><br>Abteilung dae<br>Studienrichtungen dae &amp; dex<br>Vordere Zollamtsstrasse 7<br>1030 Wien<br><a href=\"mailto:dex@uni-ak.ac.at\">dex@uni-ak.ac.at<\/a> <br><a href=\"tel:+431711332737\" target=\"_blank\" rel=\"noreferrer noopener\">+43 (0)1 71133 2737<\/a><br><a href=\"https:\/\/dex.uni-ak.ac.at\/\" target=\"_blank\" rel=\"noreferrer noopener\">dex.uni-ak.ac.at<\/a><br><a href=\"https:\/\/www.dieangewandte.at\/\" target=\"_blank\" rel=\"noreferrer noopener\">www.dieangewandte.at\/<\/a><br><br><strong>F\u00fcr den Inhalt verantwortlich:<\/strong><br>Die Abteilungsleitungen<br><br><strong><mark style=\"background-color:rgba(0, 0, 0, 0)\" class=\"has-inline-color has-medium-pink-color\">COPYRIGHT<\/mark><\/strong><br>\u00a9 Das Copyright liegt bei der Universit\u00e4t f\u00fcr angewandte Kunst Wien bzw. den jeweiligen AutorInnen und K\u00fcnstlerInnen.<br>Die Erstellung, die Verwendung und die nicht kommerzielle Weitergabe von Kopien in elektronischer oder ausgedruckter Form sind erlaubt, wenn der Inhalt unver\u00e4ndert bleibt und die Quelle angegeben wird (Quelle: Abteilung dae, Universit\u00e4t f\u00fcr angewandte Kunst Wien).<br><\/pre>\n","protected":false},"excerpt":{"rendered":"<p>Impressum IMPRESSUMUniversit\u00e4t f\u00fcr angewandte Kunst WienInstitut f\u00fcr Kunst- und Kulturwissenschaften \u2013 Kunstp\u00e4dagogikAbteilung daeStudienrichtungen dae &amp; dexVordere Zollamtsstrasse 71030 Wiendex@uni-ak.ac.at +43 (0)1 71133 2737dex.uni-ak.ac.atwww.dieangewandte.at\/F\u00fcr den Inhalt verantwortlich:Die AbteilungsleitungenCOPYRIGHT\u00a9 Das Copyright liegt bei der Universit\u00e4t f\u00fcr angewandte Kunst Wien bzw. den jeweiligen AutorInnen und K\u00fcnstlerInnen.Die Erstellung, die Verwendung und die nicht kommerzielle Weitergabe von Kopien in elektronischer &hellip; <a href=\"https:\/\/dex.uni-ak.ac.at\/?page_id=656\" class=\"more-link\">Continue reading <span class=\"screen-reader-text\">Impressum<\/span><\/a><\/p>\n","protected":false},"author":4,"featured_media":0,"parent":0,"menu_order":0,"comment_status":"closed","ping_status":"closed","template":"","meta":{"footnotes":""},"class_list":["post-656","page","type-page","status-publish","hentry"],"_links":{"self":[{"href":"https:\/\/dex.uni-ak.ac.at\/index.php?rest_route=\/wp\/v2\/pages\/656","targetHints":{"allow":["GET"]}}],"collection":[{"href":"https:\/\/dex.uni-ak.ac.at\/index.php?rest_route=\/wp\/v2\/pages"}],"about":[{"href":"https:\/\/dex.uni-ak.ac.at\/index.php?rest_route=\/wp\/v2\/types\/page"}],"author":[{"embeddable":true,"href":"https:\/\/dex.uni-ak.ac.at\/index.php?rest_route=\/wp\/v2\/users\/4"}],"replies":[{"embeddable":true,"href":"https:\/\/dex.uni-ak.ac.at\/index.php?rest_route=%2Fwp%2Fv2%2Fcomments&post=656"}],"version-history":[{"count":10,"href":"https:\/\/dex.uni-ak.ac.at\/index.php?rest_route=\/wp\/v2\/pages\/656\/revisions"}],"predecessor-version":[{"id":2773,"href":"https:\/\/dex.uni-ak.ac.at\/index.php?rest_route=\/wp\/v2\/pages\/656\/revisions\/2773"}],"wp:attachment":[{"href":"https:\/\/dex.uni-ak.ac.at\/index.php?rest_route=%2Fwp%2Fv2%2Fmedia&parent=656"}],"curies":[{"name":"wp","href":"https:\/\/api.w.org\/{rel}","templated":true}]}}