{"id":256,"date":"2020-02-04T09:18:45","date_gmt":"2020-02-04T08:18:45","guid":{"rendered":"https:\/\/dex.uni-ak.ac.at\/?page_id=256"},"modified":"2024-12-05T14:10:18","modified_gmt":"2024-12-05T13:10:18","slug":"zulassungsprufung","status":"publish","type":"page","link":"https:\/\/dex.uni-ak.ac.at\/?page_id=256","title":{"rendered":"Zulassungspr\u00fcfung"},"content":{"rendered":"\n<pre class=\"wp-block-preformatted\">Eintrag \/\/ 25 NOV 2024<br><br><strong><mark style=\"background-color:rgba(0, 0, 0, 0)\" class=\"has-inline-color has-medium-pink-color\">ZULASSUNGSPR\u00dcFUNG 202<\/mark><\/strong><mark style=\"background-color:rgba(0, 0, 0, 0)\" class=\"has-inline-color has-medium-pink-color\"><strong>5<\/strong><\/mark><br>Allgemeine Informationen zur Zulassung f\u00fcr ein Studium an der Universit\u00e4t f\u00fcr angewandte Kunst Wien siehe <strong><a href=\"https:\/\/dex-kkp-uni-ak.at\/lehramt_zulassung\/\" target=\"_blank\" rel=\"noreferrer noopener\"><mark style=\"background-color:rgba(0, 0, 0, 0)\" class=\"has-inline-color has-bright-blue-color\">KLICK<\/mark><\/a><\/strong><br><br><mark style=\"background-color:rgba(0, 0, 0, 0)\" class=\"has-inline-color has-medium-pink-color\">!!! ACHTUNG F\u00fcr die Lehramtsstudien wird B2 Niveau Deutsch vorausgesetzt. Der Nachweis ist zur Immatrikulation der Studienabteilung vorzulegen (beachte: Universit\u00e4t Wien setzt C1 voraus) !!!<\/mark><\/pre>\n\n\n\n<p><\/p>\n","protected":false},"excerpt":{"rendered":"<p>Eintrag \/\/ 25 NOV 2024ZULASSUNGSPR\u00dcFUNG 2025Allgemeine Informationen zur Zulassung f\u00fcr ein Studium an der Universit\u00e4t f\u00fcr angewandte Kunst Wien siehe KLICK!!! ACHTUNG F\u00fcr die Lehramtsstudien wird B2 Niveau Deutsch vorausgesetzt. Der Nachweis ist zur Immatrikulation der Studienabteilung vorzulegen (beachte: Universit\u00e4t Wien setzt C1 voraus) !!!<\/p>\n","protected":false},"author":1,"featured_media":0,"parent":0,"menu_order":0,"comment_status":"closed","ping_status":"closed","template":"","meta":{"footnotes":""},"class_list":["post-256","page","type-page","status-publish","hentry"],"_links":{"self":[{"href":"https:\/\/dex.uni-ak.ac.at\/index.php?rest_route=\/wp\/v2\/pages\/256","targetHints":{"allow":["GET"]}}],"collection":[{"href":"https:\/\/dex.uni-ak.ac.at\/index.php?rest_route=\/wp\/v2\/pages"}],"about":[{"href":"https:\/\/dex.uni-ak.ac.at\/index.php?rest_route=\/wp\/v2\/types\/page"}],"author":[{"embeddable":true,"href":"https:\/\/dex.uni-ak.ac.at\/index.php?rest_route=\/wp\/v2\/users\/1"}],"replies":[{"embeddable":true,"href":"https:\/\/dex.uni-ak.ac.at\/index.php?rest_route=%2Fwp%2Fv2%2Fcomments&post=256"}],"version-history":[{"count":50,"href":"https:\/\/dex.uni-ak.ac.at\/index.php?rest_route=\/wp\/v2\/pages\/256\/revisions"}],"predecessor-version":[{"id":2776,"href":"https:\/\/dex.uni-ak.ac.at\/index.php?rest_route=\/wp\/v2\/pages\/256\/revisions\/2776"}],"wp:attachment":[{"href":"https:\/\/dex.uni-ak.ac.at\/index.php?rest_route=%2Fwp%2Fv2%2Fmedia&parent=256"}],"curies":[{"name":"wp","href":"https:\/\/api.w.org\/{rel}","templated":true}]}}